{"id":220,"date":"2018-01-08T20:36:24","date_gmt":"2018-01-08T20:36:24","guid":{"rendered":"http:\/\/smsolucionesalamedida.com\/Inicio\/?page_id=220"},"modified":"2021-04-30T13:25:59","modified_gmt":"2021-04-30T13:25:59","slug":"cursos-virtuales","status":"publish","type":"page","link":"https:\/\/smsolucionesalamedida.com\/Inicio\/cursos-virtuales\/","title":{"rendered":"Cursos virtuales"},"content":{"rendered":"<p style=\"text-align: justify;\">Sm Soluciones a la medida ofrece a sus usuarios cursos virtuales en todas las \u00e1reas, con el fin de brindar una alternativa que alivie los problemas de desplazamiento para apoyo a los estudiantes y adultos para obtener conocimiento en poco tiempo y de la manera m\u00e1s eficiente.<\/p>\n<p style=\"text-align: justify;\">El dise\u00f1o de los cursos contempla un seguimiento continuo por parte del docente a cargo, para garantizar los resultados de aprendizaje sin diferencias con los cursos presenciales. Adem\u00e1s, los cursos bajo esta modalidad ofrecen diferentes estrategias de comunicaci\u00f3n y socializaci\u00f3n entre todos los participantes para promover el aprendizaje colaborativo y fortalecer las redes de estudio.<\/p>\n\n<div class=\"wpcf7 no-js\" id=\"wpcf7-f1362-o1\" lang=\"es-ES\" dir=\"ltr\" data-wpcf7-id=\"1362\">\n<div class=\"screen-reader-response\"><p role=\"status\" aria-live=\"polite\" aria-atomic=\"true\"><\/p> <ul><\/ul><\/div>\n<form action=\"\/Inicio\/wp-json\/wp\/v2\/pages\/220#wpcf7-f1362-o1\" method=\"post\" class=\"wpcf7-form init\" aria-label=\"Formulario de contacto\" novalidate=\"novalidate\" data-status=\"init\">\n<fieldset class=\"hidden-fields-container\"><input type=\"hidden\" name=\"_wpcf7\" value=\"1362\" \/><input type=\"hidden\" name=\"_wpcf7_version\" value=\"6.1.2\" \/><input type=\"hidden\" name=\"_wpcf7_locale\" value=\"es_ES\" \/><input type=\"hidden\" name=\"_wpcf7_unit_tag\" value=\"wpcf7-f1362-o1\" \/><input type=\"hidden\" name=\"_wpcf7_container_post\" value=\"0\" \/><input type=\"hidden\" name=\"_wpcf7_posted_data_hash\" value=\"\" \/>\n<\/fieldset>\n<p><label> Tu nombre (requerido)<br \/>\n<span class=\"wpcf7-form-control-wrap\" data-name=\"your-name\"><input size=\"40\" maxlength=\"400\" class=\"wpcf7-form-control wpcf7-text wpcf7-validates-as-required\" aria-required=\"true\" aria-invalid=\"false\" value=\"\" type=\"text\" name=\"your-name\" \/><\/span> <\/label>\n<\/p>\n<p><label> Tu correo electr\u00f3nico (requerido)<br \/>\n<span class=\"wpcf7-form-control-wrap\" data-name=\"your-email\"><input size=\"40\" maxlength=\"400\" class=\"wpcf7-form-control wpcf7-email wpcf7-validates-as-required wpcf7-text wpcf7-validates-as-email\" aria-required=\"true\" aria-invalid=\"false\" value=\"\" type=\"email\" name=\"your-email\" \/><\/span> <\/label>\n<\/p>\n<p><label> Asunto<br \/>\n<span class=\"wpcf7-form-control-wrap\" data-name=\"your-subject\"><input size=\"40\" maxlength=\"400\" class=\"wpcf7-form-control wpcf7-text\" aria-invalid=\"false\" value=\"\" type=\"text\" name=\"your-subject\" \/><\/span> <\/label>\n<\/p>\n<p><label> Tu mensaje<br \/>\n<span class=\"wpcf7-form-control-wrap\" data-name=\"your-message\"><textarea cols=\"40\" rows=\"10\" maxlength=\"2000\" class=\"wpcf7-form-control wpcf7-textarea\" aria-invalid=\"false\" name=\"your-message\"><\/textarea><\/span> <\/label><br \/>\n<label> Celular<br \/>\n<span class=\"wpcf7-form-control-wrap\" data-name=\"celular\"><input size=\"40\" maxlength=\"400\" class=\"wpcf7-form-control wpcf7-tel wpcf7-validates-as-required wpcf7-text wpcf7-validates-as-tel\" aria-required=\"true\" aria-invalid=\"false\" value=\"\" type=\"tel\" name=\"celular\" \/><\/span><\/label>\n<\/p>\n<p><label> Seleccione un Curso en el que este interesado(a)<br \/>\n<span class=\"wpcf7-form-control-wrap\" data-name=\"curso\"><select class=\"wpcf7-form-control wpcf7-select wpcf7-validates-as-required\" aria-required=\"true\" aria-invalid=\"false\" multiple=\"multiple\" name=\"curso[]\"><option value=\"\">&#8212;Por favor, elige una opci\u00f3n&#8212;<\/option><option value=\"Gesti\u00f3n redes sociales\">Gesti\u00f3n redes sociales<\/option><option value=\"Wordpress\">Wordpress<\/option><option value=\"Joomla\">Joomla<\/option><option value=\"WooCommercce\">WooCommercce<\/option><option value=\"Corel draw\">Corel draw<\/option><option value=\"Ilustrator\">Ilustrator<\/option><option value=\"Power point\">Power point<\/option><option value=\"Word\">Word<\/option><option value=\"Excel\">Excel<\/option><option value=\"Access\">Access<\/option><option value=\"Html\">Html<\/option><option value=\"Digitaci\u00f3n\">Digitaci\u00f3n<\/option><\/select><\/span><br \/>\n<input class=\"wpcf7-form-control wpcf7-submit has-spinner\" type=\"submit\" value=\"Enviar\" \/><\/label>\n<\/p><div class=\"wpcf7-response-output\" aria-hidden=\"true\"><\/div>\n<\/form>\n<\/div>\n\n<p>&nbsp;<\/p>\n","protected":false},"excerpt":{"rendered":"<p>Sm Soluciones a la medida ofrece a sus usuarios cursos virtuales en todas las \u00e1reas, con el fin de brindar una alternativa que alivie los&hellip;<\/p>\n","protected":false},"author":1,"featured_media":2082,"parent":0,"menu_order":0,"comment_status":"closed","ping_status":"closed","template":"","meta":{"_joinchat":[],"footnotes":""},"class_list":["post-220","page","type-page","status-publish","has-post-thumbnail","hentry"],"_links":{"self":[{"href":"https:\/\/smsolucionesalamedida.com\/Inicio\/wp-json\/wp\/v2\/pages\/220","targetHints":{"allow":["GET"]}}],"collection":[{"href":"https:\/\/smsolucionesalamedida.com\/Inicio\/wp-json\/wp\/v2\/pages"}],"about":[{"href":"https:\/\/smsolucionesalamedida.com\/Inicio\/wp-json\/wp\/v2\/types\/page"}],"author":[{"embeddable":true,"href":"https:\/\/smsolucionesalamedida.com\/Inicio\/wp-json\/wp\/v2\/users\/1"}],"replies":[{"embeddable":true,"href":"https:\/\/smsolucionesalamedida.com\/Inicio\/wp-json\/wp\/v2\/comments?post=220"}],"version-history":[{"count":7,"href":"https:\/\/smsolucionesalamedida.com\/Inicio\/wp-json\/wp\/v2\/pages\/220\/revisions"}],"predecessor-version":[{"id":1364,"href":"https:\/\/smsolucionesalamedida.com\/Inicio\/wp-json\/wp\/v2\/pages\/220\/revisions\/1364"}],"wp:featuredmedia":[{"embeddable":true,"href":"https:\/\/smsolucionesalamedida.com\/Inicio\/wp-json\/wp\/v2\/media\/2082"}],"wp:attachment":[{"href":"https:\/\/smsolucionesalamedida.com\/Inicio\/wp-json\/wp\/v2\/media?parent=220"}],"curies":[{"name":"wp","href":"https:\/\/api.w.org\/{rel}","templated":true}]}}